{"id":6,"date":"2011-10-22T18:12:18","date_gmt":"2011-10-22T18:12:18","guid":{"rendered":"http:\/\/localhost\/fisch-fest_wordpress\/wordpress\/?page_id=2"},"modified":"2020-02-29T13:38:15","modified_gmt":"2020-02-29T13:38:15","slug":"fisch_und_fest_kontaktformular","status":"publish","type":"page","link":"https:\/\/www.fisch-fest.net\/wordpress\/fisch_und_fest_kontaktformular\/","title":{"rendered":"Kontaktformular"},"content":{"rendered":"<p>Hier haben Sie die M\u00f6glichkeit mit uns in Verbindung zu treten. Senden Sie uns eine Mail, wir freuen uns \u00fcber jeden Kontakt und werden Ihre Fragen und Anliegen so schnell als m\u00f6glich beantworten.<\/p>\n<p>Unsere Postanschrift lautet:<br \/>\nAndreas Pinter<br \/>\nHirschenau 27<br \/>\n4382 St. Nikola an der Donau<\/p>\n<p><strong>Telefonnummer: 0650 52 66 000<\/strong><\/p>\n\n\n<!-- Fast Secure Contact Form plugin 4.0.50 - begin - FastSecureContactForm.com -->\r\n<div style=\"clear:both;\"><\/div>\n<p>Ihre Fragen und Anmerkungen sind jederzeit willkommen.<\/p>\r\n<div id=\"FSContact1\" style=\"width:375px;\">\r\n<form action=\"https:\/\/www.fisch-fest.net\/wordpress\/wp-json\/wp\/v2\/pages\/6#FSContact1\" id=\"fscf_form1\" method=\"post\">\r\n\n<div id=\"fscf_required1\">\n  <span style=\"text-align:left;\">*<\/span> <span style=\"text-align:left;\">indicates required field<\/span>\n<\/div>\n\n\n<div id=\"fscf_div_clear1_0\" style=\"clear:both;\">\n  <div id=\"fscf_div_field1_0\" style=\"clear:left; float:left; width:99%; max-width:550px; margin-right:10px;\">\r\n    <div style=\"text-align:left; padding-top:5px;\">\n      <label style=\"text-align:left;\" for=\"fscf_name1\">Name:<span style=\"text-align:left;\">*<\/span><\/label>\n    <\/div>\r\n    <div style=\"text-align:left;\">\r\n      <input style=\"text-align:left; margin:0;\" type=\"text\" id=\"fscf_name1\" name=\"full_name\" value=\"\"  \/>\r\n    <\/div>\r\n  <\/div>\n<\/div>\n\n<div id=\"fscf_div_clear1_1\" style=\"clear:both;\">\n  <div id=\"fscf_div_field1_1\" style=\"clear:left; float:left; width:99%; max-width:550px; margin-right:10px;\">\n    <div style=\"text-align:left; padding-top:5px;\">\n      <label style=\"text-align:left;\" for=\"fscf_email1\">Email:<span style=\"text-align:left;\">*<\/span><\/label>\n    <\/div>\n    <div style=\"text-align:left;\">\n      <input style=\"text-align:left; margin:0;\" type=\"text\" id=\"fscf_email1\" name=\"email\" value=\"\"  \/>\n    <\/div>\n  <\/div>\n<\/div>\n\n<div id=\"fscf_div_clear1_2\" style=\"clear:both;\">\n  <div id=\"fscf_div_field1_2\" style=\"clear:left; float:left; width:99%; max-width:550px; margin-right:10px;\">\n    <div style=\"text-align:left; padding-top:5px;\">\n      <label style=\"text-align:left;\" for=\"fscf_field1_2\">Betreff:<span style=\"text-align:left;\">*<\/span><\/label>\n    <\/div>\n    <div style=\"text-align:left;\">\n      <input style=\"text-align:left; margin:0;\" type=\"text\" id=\"fscf_field1_2\" name=\"subject\" value=\"\"  \/>\n    <\/div>\n  <\/div>\n<\/div>\n\n<div id=\"fscf_div_clear1_3\" style=\"clear:both;\">\n  <div id=\"fscf_div_field1_3\" style=\"clear:left; float:left; width:99%; max-width:550px; margin-right:10px;\">\n    <div style=\"text-align:left; padding-top:5px;\">\n      <label style=\"text-align:left;\" for=\"fscf_field1_3\">Nachricht:<span style=\"text-align:left;\">*<\/span><\/label>\n    <\/div>\n    <div style=\"text-align:left;\">\n      <textarea style=\"text-align:left; margin:0; width:99%; max-width:250px; height:120px;\" id=\"fscf_field1_3\" name=\"message\" cols=\"30\" rows=\"10\" ><\/textarea>\n    <\/div>\n  <\/div>\n<\/div>\r\n<div style=\"clear:both;\"><\/div>\n\n<div id=\"fscf_submit_div1\" style=\"text-align:left; padding-top:2px;\">\r\n\t\t<input type=\"submit\" id=\"fscf_submit1\" style=\"cursor:pointer; margin:0;\" value=\"senden\" \/> \n<\/div>\n\n<input type=\"hidden\" name=\"fscf_submitted\" value=\"0\" \/>\n<input type=\"hidden\" name=\"fs_postonce_1\" value=\"a8a25b7963bec08dad2beee33065d822,1777463112\" \/>\n<input type=\"hidden\" name=\"si_contact_action\" value=\"send\" \/>\n<input type=\"hidden\" name=\"form_id\" value=\"1\" \/>\n<input type=\"hidden\" name=\"mailto_id\" value=\"1\" \/>\n\n<\/form>\n<\/div>\r\n<div style=\"clear:both;\"><\/div>\n\n<!-- Fast Secure Contact Form plugin 4.0.50 - end - FastSecureContactForm.com -->\n\n","protected":false},"excerpt":{"rendered":"<p>Hier haben Sie die M\u00f6glichkeit mit uns in Verbindung zu treten. Senden Sie uns eine Mail, wir freuen uns \u00fcber jeden Kontakt und werden Ihre Fragen und Anliegen so schnell als m\u00f6glich beantworten. Unsere Postanschrift lautet: Andreas Pinter Hirschenau 27 4382 St. Nikola an der Donau Telefonnummer: 0650 52 66 000<\/p>\n","protected":false},"author":1,"featured_media":0,"parent":0,"menu_order":7,"comment_status":"closed","ping_status":"closed","template":"","meta":{"jetpack_post_was_ever_published":false,"footnotes":""},"class_list":["post-6","page","type-page","status-publish","hentry"],"jetpack_sharing_enabled":true,"jetpack_shortlink":"https:\/\/wp.me\/P8BrCw-6","jetpack-related-posts":[{"id":234,"url":"https:\/\/www.fisch-fest.net\/wordpress\/news\/termine-steckerlfisch\/","url_meta":{"origin":6,"position":0},"title":"Termine Steckerlfische","date":"20. April 2012","format":false,"excerpt":"Unsere Steckerlfische sind eine Gaumenfreude und ein Geschmackserlebnis der besonderen Art. F\u00fcr unsere K\u00f6stlichkeiten verwenden wir\u00a0nur Saiblinge oder Forellen in h\u00f6chster Qualit\u00e4t.\u00a0Besuchen Sie uns und sie sind \u00fcberzeugt! \u00a0 Termin\u00fcbersicht: (siehe auch den Veranstaltungskalender) Wochenmarkt Waidhofen leider k\u00f6nnen wir zur Zeit keine Steckerlfische anbieten zur\u00fcck","rel":"","context":"\u00c4hnlicher Beitrag","img":{"alt_text":"","src":"","width":0,"height":0},"classes":[]},{"id":440,"url":"https:\/\/www.fisch-fest.net\/wordpress\/news\/13-14-september-2013-genusslandstrase-2013\/","url_meta":{"origin":6,"position":1},"title":"Genusslandstra\u00dfe","date":"25. August 2013","format":false,"excerpt":"Die n\u00e4chste Genusslandstra\u00dfe findet wieder im Jahr 2017 statt! Freuen\u00a0wir uns\u00a0darauf! \u00a0 \u00a0 \u00a0 \u00a0 Auch vom 13. - 14. September 2013 haben\u00a0Sie die Aussteller der Genusslandstra\u00dfe mit einem kulinarischem Feuerwerk begeistert. Fisch & Fest\u00a0hat\u00a0Sie mit den besten Fischspezialit\u00e4ten verw\u00f6hnt. F\u00fcr Ihr\u00a0leibliches\u00a0Wohl sorgten wir mit unseren Spizialit\u00e4ten: \"M\u00fchlviertler\u00a0Fischsuppe und Fischetti\".\u2026","rel":"","context":"\u00c4hnlicher Beitrag","img":{"alt_text":"","src":"https:\/\/i0.wp.com\/www.fisch-fest.net\/wordpress\/wp-content\/uploads\/2011\/11\/genussland_ooe_0271-450x3001.jpg?resize=350%2C200","width":350,"height":200},"classes":[]},{"id":64,"url":"https:\/\/www.fisch-fest.net\/wordpress\/news\/neuer-verarbeitungsraum-eingerichtet\/","url_meta":{"origin":6,"position":2},"title":"18. September 2011 &#8211; Neuer Verarbeitungsraum eingerichtet","date":"23. Oktober 2011","format":false,"excerpt":"Nach mehrmonatiger Bauzeit wurde der neue und den modernsten Stand der Technik entsprechende Verarbeitungsraum fertiggestellt. Wir bedanken uns bei allen Firmen, die uns bei der Errichtung zur Seite gestanden sind, sehr herzlich.\u00a0\u00a0\u00a0\u00a0\u00a0\u00a0\u00a0\u00a0\u00a0\u00a0\u00a0\u00a0\u00a0\u00a0\u00a0\u00a0\u00a0\u00a0\u00a0\u00a0\u00a0\u00a0\u00a0\u00a0\u00a0\u00a0\u00a0\u00a0\u00a0\u00a0\u00a0\u00a0\u00a0\u00a0\u00a0\u00a0\u00a0 zur\u00fcck","rel":"","context":"\u00c4hnlicher Beitrag","img":{"alt_text":"","src":"https:\/\/i0.wp.com\/www.fisch-fest.net\/wordpress\/wp-content\/uploads\/2011\/11\/Verarbeitungsraum-300x2251.jpg?resize=350%2C200","width":350,"height":200},"classes":[]},{"id":408,"url":"https:\/\/www.fisch-fest.net\/wordpress\/news\/anfahrtsplan-lagerhaus-grein\/","url_meta":{"origin":6,"position":3},"title":"Anfahrtsplan                           (Lagerhaus \/ Grein)","date":"18. April 2013","format":false,"excerpt":"Wir freuen uns Sie begr\u00fc\u00dfen zu d\u00fcrfen! Gr\u00f6\u00dfere Kartenansicht\u00a0\u00a0\u00a0\u00a0\u00a0\u00a0\u00a0\u00a0\u00a0\u00a0\u00a0\u00a0\u00a0\u00a0\u00a0\u00a0\u00a0\u00a0\u00a0\u00a0\u00a0\u00a0\u00a0\u00a0\u00a0\u00a0\u00a0\u00a0\u00a0\u00a0\u00a0\u00a0\u00a0\u00a0\u00a0\u00a0\u00a0\u00a0\u00a0\u00a0\u00a0\u00a0\u00a0\u00a0\u00a0\u00a0\u00a0\u00a0\u00a0\u00a0\u00a0\u00a0\u00a0zur\u00fcck","rel":"","context":"\u00c4hnlicher Beitrag","img":{"alt_text":"","src":"","width":0,"height":0},"classes":[]},{"id":333,"url":"https:\/\/www.fisch-fest.net\/wordpress\/news\/anfahrtsplan-sparmarkt-jetschgo-sarleinsbach\/","url_meta":{"origin":6,"position":4},"title":"Anfahrtsplan (JETSCHGO Shopping \/ Sarleinsbach)","date":"24. Mai 2012","format":false,"excerpt":"Wir freuen uns Sie begr\u00fc\u00dfen zu d\u00fcrfen! Gr\u00f6\u00dfere Kartenansicht\u00a0\u00a0\u00a0\u00a0\u00a0\u00a0\u00a0\u00a0\u00a0\u00a0\u00a0\u00a0\u00a0\u00a0\u00a0\u00a0\u00a0\u00a0\u00a0\u00a0\u00a0\u00a0\u00a0\u00a0\u00a0\u00a0 \u00a0\u00a0\u00a0\u00a0\u00a0\u00a0\u00a0\u00a0\u00a0\u00a0\u00a0\u00a0\u00a0\u00a0\u00a0\u00a0\u00a0\u00a0\u00a0\u00a0\u00a0\u00a0\u00a0\u00a0 zur\u00fcck","rel":"","context":"\u00c4hnlicher Beitrag","img":{"alt_text":"","src":"","width":0,"height":0},"classes":[]},{"id":280,"url":"https:\/\/www.fisch-fest.net\/wordpress\/news\/gartenfreuden-2012-4-6-mai-burg-perchtoldsdorf\/","url_meta":{"origin":6,"position":5},"title":"Anfahrtsplan (Winkler Markt \/ Auhof)","date":"24. Mai 2012","format":false,"excerpt":"Wir freuen uns Sie begr\u00fc\u00dfen zu d\u00fcrfen! Gr\u00f6\u00dfere Kartenansicht\u00a0\u00a0\u00a0\u00a0\u00a0\u00a0\u00a0\u00a0\u00a0\u00a0\u00a0\u00a0\u00a0\u00a0\u00a0\u00a0\u00a0\u00a0\u00a0\u00a0\u00a0\u00a0\u00a0\u00a0\u00a0\u00a0\u00a0\u00a0\u00a0\u00a0\u00a0\u00a0\u00a0\u00a0\u00a0\u00a0\u00a0\u00a0\u00a0\u00a0\u00a0\u00a0\u00a0\u00a0\u00a0\u00a0\u00a0\u00a0\u00a0\u00a0\u00a0\u00a0\u00a0\u00a0 zur\u00fcck","rel":"","context":"\u00c4hnlicher Beitrag","img":{"alt_text":"","src":"","width":0,"height":0},"classes":[]}],"_links":{"self":[{"href":"https:\/\/www.fisch-fest.net\/wordpress\/wp-json\/wp\/v2\/pages\/6","targetHints":{"allow":["GET"]}}],"collection":[{"href":"https:\/\/www.fisch-fest.net\/wordpress\/wp-json\/wp\/v2\/pages"}],"about":[{"href":"https:\/\/www.fisch-fest.net\/wordpress\/wp-json\/wp\/v2\/types\/page"}],"author":[{"embeddable":true,"href":"https:\/\/www.fisch-fest.net\/wordpress\/wp-json\/wp\/v2\/users\/1"}],"replies":[{"embeddable":true,"href":"https:\/\/www.fisch-fest.net\/wordpress\/wp-json\/wp\/v2\/comments?post=6"}],"version-history":[{"count":3,"href":"https:\/\/www.fisch-fest.net\/wordpress\/wp-json\/wp\/v2\/pages\/6\/revisions"}],"predecessor-version":[{"id":2625,"href":"https:\/\/www.fisch-fest.net\/wordpress\/wp-json\/wp\/v2\/pages\/6\/revisions\/2625"}],"wp:attachment":[{"href":"https:\/\/www.fisch-fest.net\/wordpress\/wp-json\/wp\/v2\/media?parent=6"}],"curies":[{"name":"wp","href":"https:\/\/api.w.org\/{rel}","templated":true}]}}