{"id":2689,"date":"2022-09-03T08:35:36","date_gmt":"2022-09-03T06:35:36","guid":{"rendered":"http:\/\/www.fisch-fest.net\/wordpress\/?page_id=2689"},"modified":"2022-09-03T09:22:13","modified_gmt":"2022-09-03T07:22:13","slug":"fotogalerie","status":"publish","type":"page","link":"https:\/\/www.fisch-fest.net\/wordpress\/fotogalerie\/","title":{"rendered":"Fotogalerie"},"content":{"rendered":"<div id=\"pl-2689\"  class=\"panel-layout\" ><div id=\"pg-2689-0\"  class=\"panel-grid panel-no-style\" ><div id=\"pgc-2689-0-0\"  class=\"panel-grid-cell\" > <div id=\"panel-2689-0-0-0\" class=\"so-panel widget widget_slideshow_widget slideshow_widget panel-first-child\" data-index=\"0\"><h3 class=\"widget-title\">Diashow<\/h3><div style=\"padding-top:2px; padding-bottom:4px;\" data-wppa=\"yes\">\n<!-- Start container 102 --><div id=\"wppa-modal-container-102\" class=\"wppa-modal-container\" style=\"position:relative;z-index:100000;\" data-wppa=\"yes\"><\/div><div id=\"wppa-container-wrapper-102\" class=\"wppa-container-wrapper\" style=\"width:500px;display:block;margin-left:auto;margin-right:auto;padding:0;position:relative;\"><div id=\"wppa-container-102\" style=\"width:100%;\" class=\"wppa-container wppa-container-102 wppa-rev-8303009 wppa-prevrev-8205008 wppa-theme-8.3.03.009 wppa-api-8.3.03.009\"><input type=\"hidden\" id=\"wppa-nonce-0-102\" name=\"wppa-nonce\" value=\"0b29a50a1a\" \/><div id=\"wppa-slidelist-102\" style=\"overflow:auto;\" class=\"slidelist\"><noscript style=\"text-align:center\"><span style=\"color:red\">Um das Vollformatfoto zu sehen, musst du Javaskript in deinem Browser aktivieren.<\/span><\/noscript><div id=\"slide_frame-102\" class=\"slide-frame\" style=\"overflow:hidden; height: 500px;width: 500px;margin-bottom: 8px;\"><div id=\"theslide0-102\" class=\"theslide theslide-102\" style=\"width:100%;margin:auto;\"><\/div><div id=\"theslide1-102\" class=\"theslide theslide-102\" style=\"width:100%;margin:auto;\"><\/div><svg id=\"wppa-slide-spin-102\" class=\"wppa-spinner uil-default\" width=\"120px\" height=\"120px\" viewBox=\"0 0 100 100\" preserveAspectRatio=\"xMidYMid\" stroke=\"\" style=\"width:120px;height:120px;position:absolute;margin-top:-60px;margin-left:-60px;opacity:1;display:none;fill:#666666;background-color:transparent;border-radius:24px\"><rect x=\"0\" y=\"0\" width=\"100\" height=\"100\" fill=\"none\" class=\"bk\"><\/rect><rect class=\"wppa-ajaxspin\" x=\"47\" y=\"40\" width=\"6\" height=\"20\" rx=\"3\" ry=\"3\" transform=\"rotate(0 50 50) translate(0 -32)\"><animate attributeName=\"opacity\" from=\"1\" to=\"0\" dur=\"1.5s\" begin=\"0s\" repeatCount=\"indefinite\" \/><\/rect><rect class=\"wppa-ajaxspin\" x=\"47\" y=\"40\" width=\"6\" height=\"20\" rx=\"3\" ry=\"3\" transform=\"rotate(22.5 50 50) translate(0 -32)\"><animate attributeName=\"opacity\" from=\"1\" to=\"0\" dur=\"1.5s\" begin=\"0.09375s\" repeatCount=\"indefinite\" \/><\/rect><rect class=\"wppa-ajaxspin\" x=\"47\" y=\"40\" width=\"6\" height=\"20\" rx=\"3\" ry=\"3\" transform=\"rotate(45 50 50) translate(0 -32)\"><animate attributeName=\"opacity\" from=\"1\" to=\"0\" dur=\"1.5s\" begin=\"0.1875s\" repeatCount=\"indefinite\" \/><\/rect><rect class=\"wppa-ajaxspin\" x=\"47\" y=\"40\" width=\"6\" height=\"20\" rx=\"3\" ry=\"3\" transform=\"rotate(67.5 50 50) translate(0 -32)\"><animate attributeName=\"opacity\" from=\"1\" to=\"0\" dur=\"1.5s\" begin=\"0.28125s\" repeatCount=\"indefinite\" \/><\/rect><rect class=\"wppa-ajaxspin\" x=\"47\" y=\"40\" width=\"6\" height=\"20\" rx=\"3\" ry=\"3\" transform=\"rotate(90 50 50) translate(0 -32)\"><animate attributeName=\"opacity\" from=\"1\" to=\"0\" dur=\"1.5s\" begin=\"0.375s\" repeatCount=\"indefinite\" \/><\/rect><rect class=\"wppa-ajaxspin\" x=\"47\" y=\"40\" width=\"6\" height=\"20\" rx=\"3\" ry=\"3\" transform=\"rotate(112.5 50 50) translate(0 -32)\"><animate attributeName=\"opacity\" from=\"1\" to=\"0\" dur=\"1.5s\" begin=\"0.46875s\" repeatCount=\"indefinite\" \/><\/rect><rect class=\"wppa-ajaxspin\" x=\"47\" y=\"40\" width=\"6\" height=\"20\" rx=\"3\" ry=\"3\" transform=\"rotate(135 50 50) translate(0 -32)\"><animate attributeName=\"opacity\" from=\"1\" to=\"0\" dur=\"1.5s\" begin=\"0.5625s\" repeatCount=\"indefinite\" \/><\/rect><rect class=\"wppa-ajaxspin\" x=\"47\" y=\"40\" width=\"6\" height=\"20\" rx=\"3\" ry=\"3\" transform=\"rotate(157.5 50 50) translate(0 -32)\"><animate attributeName=\"opacity\" from=\"1\" to=\"0\" dur=\"1.5s\" begin=\"0.65625s\" repeatCount=\"indefinite\" \/><\/rect><rect class=\"wppa-ajaxspin\" x=\"47\" y=\"40\" width=\"6\" height=\"20\" rx=\"3\" ry=\"3\" transform=\"rotate(180 50 50) translate(0 -32)\"><animate attributeName=\"opacity\" from=\"1\" to=\"0\" dur=\"1.5s\" begin=\"0.75s\" repeatCount=\"indefinite\" \/><\/rect><rect class=\"wppa-ajaxspin\" x=\"47\" y=\"40\" width=\"6\" height=\"20\" rx=\"3\" ry=\"3\" transform=\"rotate(202.5 50 50) translate(0 -32)\"><animate attributeName=\"opacity\" from=\"1\" to=\"0\" dur=\"1.5s\" begin=\"0.84375s\" repeatCount=\"indefinite\" \/><\/rect><rect class=\"wppa-ajaxspin\" x=\"47\" y=\"40\" width=\"6\" height=\"20\" rx=\"3\" ry=\"3\" transform=\"rotate(225 50 50) translate(0 -32)\"><animate attributeName=\"opacity\" from=\"1\" to=\"0\" dur=\"1.5s\" begin=\"0.9375s\" repeatCount=\"indefinite\" \/><\/rect><rect class=\"wppa-ajaxspin\" x=\"47\" y=\"40\" width=\"6\" height=\"20\" rx=\"3\" ry=\"3\" transform=\"rotate(247.5 50 50) translate(0 -32)\"><animate attributeName=\"opacity\" from=\"1\" to=\"0\" dur=\"1.5s\" begin=\"1.03125s\" repeatCount=\"indefinite\" \/><\/rect><rect class=\"wppa-ajaxspin\" x=\"47\" y=\"40\" width=\"6\" height=\"20\" rx=\"3\" ry=\"3\" transform=\"rotate(270 50 50) translate(0 -32)\"><animate attributeName=\"opacity\" from=\"1\" to=\"0\" dur=\"1.5s\" begin=\"1.125s\" repeatCount=\"indefinite\" \/><\/rect><rect class=\"wppa-ajaxspin\" x=\"47\" y=\"40\" width=\"6\" height=\"20\" rx=\"3\" ry=\"3\" transform=\"rotate(292.5 50 50) translate(0 -32)\"><animate attributeName=\"opacity\" from=\"1\" to=\"0\" dur=\"1.5s\" begin=\"1.21875s\" repeatCount=\"indefinite\" \/><\/rect><rect class=\"wppa-ajaxspin\" x=\"47\" y=\"40\" width=\"6\" height=\"20\" rx=\"3\" ry=\"3\" transform=\"rotate(315 50 50) translate(0 -32)\"><animate attributeName=\"opacity\" from=\"1\" to=\"0\" dur=\"1.5s\" begin=\"1.3125s\" repeatCount=\"indefinite\" \/><\/rect><rect class=\"wppa-ajaxspin\" x=\"47\" y=\"40\" width=\"6\" height=\"20\" rx=\"3\" ry=\"3\" transform=\"rotate(337.5 50 50) translate(0 -32)\"><animate attributeName=\"opacity\" from=\"1\" to=\"0\" dur=\"1.5s\" begin=\"1.40625s\" repeatCount=\"indefinite\" \/><\/rect><\/svg><\/div><div id=\"namedesc-102\" class=\"wppa-box wppa-name-desc\"><div id=\"imagedesc-102\" class=\"wppa-fulldesc imagedesc\" style=\"padding:3px;width:100%;text-align:center\"><\/div><\/div><\/div><div id=\"wppa-container-102-end\"><\/div><\/div><\/div>\n<!-- End \/wordpress\/wp-json\/wp\/v2\/pages\/2689 oc 102 38 queries in 89.2 ms. at 13:47. Max mem: 77.00 Mb. --><\/div><\/div> \n<!-- End Diashow 44 queries in 108.6 ms. at 13:47 --><div id=\"panel-2689-0-0-1\" class=\"so-panel widget widget_sow-editor panel-last-child\" data-index=\"1\" ><div\n\t\t\t\n\t\t\tclass=\"so-widget-sow-editor so-widget-sow-editor-base\"\n\t\t\t\n\t\t>\n<div class=\"siteorigin-widget-tinymce textwidget\">\n\t<\/div>\n<\/div><\/div><\/div><\/div><\/div>","protected":false},"excerpt":{"rendered":"<p>Diashow Um das Vollformatfoto zu sehen, musst du Javaskript in deinem Browser aktivieren.<\/p>\n","protected":false},"author":1,"featured_media":0,"parent":0,"menu_order":0,"comment_status":"closed","ping_status":"closed","template":"","meta":{"jetpack_post_was_ever_published":false,"footnotes":""},"class_list":["post-2689","page","type-page","status-publish","hentry"],"jetpack_sharing_enabled":true,"jetpack_shortlink":"https:\/\/wp.me\/P8BrCw-Hn","jetpack-related-posts":[{"id":1383,"url":"https:\/\/www.fisch-fest.net\/wordpress\/veranstaltung\/","url_meta":{"origin":2689,"position":0},"title":"Veranstaltungen","date":"12. April 2017","format":false,"excerpt":"Wochenm\u00e4rkte Wochenmarkt Amstetten Wochenmarkt Purkersdorf Wochenmarkt Marchtrenk (14-t\u00e4gig) SteckerlfischZur Zeit sind keine Steckerlfischveranstaltungen geplant!\u00a0Um Veranstaltungen zu buchen melden Sie sich telefonisch an! Genussland-veranstaltungZur Zeit finden keine \u00a0Genusslandveranstaltungen statt. Zum Veranstaltungs-kalender","rel":"","context":"\u00c4hnlicher Beitrag","img":{"alt_text":"","src":"","width":0,"height":0},"classes":[]},{"id":608,"url":"https:\/\/www.fisch-fest.net\/wordpress\/","url_meta":{"origin":2689,"position":1},"title":"Fisch&#038;Fest","date":"8. April 2017","format":false,"excerpt":"Alle Informationen zu unseren \u00d6ffnungszeiten finden Sie im Veranstaltungskalender \u00a0 Fisch in seiner besten Form Heimische S\u00fc\u00dfwasserfische gelten als besonders schmackhaft und sind zudem eine gesunde Sache! Genie\u00dfen Sie Fische von heimischen Fischz\u00fcchtern, denen Ihre Fische und unsere Umwelt besonders am Herzen liegen. Leidenschaftliche Fischliebhaber und Fischkenner sind hier richtig!\u2026","rel":"","context":"\u00c4hnlicher Beitrag","img":{"alt_text":"","src":"","width":0,"height":0},"classes":[]}],"_links":{"self":[{"href":"https:\/\/www.fisch-fest.net\/wordpress\/wp-json\/wp\/v2\/pages\/2689","targetHints":{"allow":["GET"]}}],"collection":[{"href":"https:\/\/www.fisch-fest.net\/wordpress\/wp-json\/wp\/v2\/pages"}],"about":[{"href":"https:\/\/www.fisch-fest.net\/wordpress\/wp-json\/wp\/v2\/types\/page"}],"author":[{"embeddable":true,"href":"https:\/\/www.fisch-fest.net\/wordpress\/wp-json\/wp\/v2\/users\/1"}],"replies":[{"embeddable":true,"href":"https:\/\/www.fisch-fest.net\/wordpress\/wp-json\/wp\/v2\/comments?post=2689"}],"version-history":[{"count":12,"href":"https:\/\/www.fisch-fest.net\/wordpress\/wp-json\/wp\/v2\/pages\/2689\/revisions"}],"predecessor-version":[{"id":2828,"href":"https:\/\/www.fisch-fest.net\/wordpress\/wp-json\/wp\/v2\/pages\/2689\/revisions\/2828"}],"wp:attachment":[{"href":"https:\/\/www.fisch-fest.net\/wordpress\/wp-json\/wp\/v2\/media?parent=2689"}],"curies":[{"name":"wp","href":"https:\/\/api.w.org\/{rel}","templated":true}]}}