{"id":22,"date":"2011-10-22T23:08:11","date_gmt":"2011-10-22T23:08:11","guid":{"rendered":"http:\/\/localhost\/fisch-fest_wordpress\/wordpress\/?page_id=22"},"modified":"2013-09-15T08:49:23","modified_gmt":"2013-09-15T08:49:23","slug":"fisch_und_fest_rezepte","status":"publish","type":"page","link":"https:\/\/www.fisch-fest.net\/wordpress\/fisch_und_fest_rezepte\/","title":{"rendered":"Rezepte"},"content":{"rendered":"<p>Sie lieben Fisch, es fehlen Ihnen jedoch die\u00a0Rezepte! Unten finden Sie eine \u00dcbersicht \u00fcber unsere Fischrezepte! St\u00f6bern Sie und erfreuen Sie Ihren Gaumen! Gutes Gelingen!<\/p>\n<p><a title=\"Saibling in der Salzkruste\" href=\"https:\/\/www.fisch-fest.net\/wordpress\/?page_id=29\">Saibling in der Salzkruste<\/a><br \/>\n<a title=\"Poeliertes Lachsforellenfilet mit Lauch und Kartoffel-Sauce\" href=\"https:\/\/www.fisch-fest.net\/wordpress\/?page_id=193\">Poeliertes Lachsforellenfilet mit Lauch und Kartoffel-Sauce<\/a><\/p>\n<p>Weitere Rezepte folgen in K\u00fcrze!<\/p>\n","protected":false},"excerpt":{"rendered":"<p>Sie lieben Fisch, es fehlen Ihnen jedoch die\u00a0Rezepte! Unten finden Sie eine \u00dcbersicht \u00fcber unsere Fischrezepte! St\u00f6bern Sie und erfreuen Sie Ihren Gaumen! Gutes Gelingen! Saibling in der Salzkruste Poeliertes Lachsforellenfilet mit Lauch und Kartoffel-Sauce Weitere Rezepte folgen in K\u00fcrze!<\/p>\n","protected":false},"author":1,"featured_media":0,"parent":0,"menu_order":5,"comment_status":"closed","ping_status":"closed","template":"sidebar-page.php","meta":{"jetpack_post_was_ever_published":false,"footnotes":""},"class_list":["post-22","page","type-page","status-publish","hentry"],"jetpack_sharing_enabled":true,"jetpack_shortlink":"https:\/\/wp.me\/P8BrCw-m","jetpack-related-posts":[{"id":608,"url":"https:\/\/www.fisch-fest.net\/wordpress\/","url_meta":{"origin":22,"position":0},"title":"Fisch&#038;Fest","date":"8. April 2017","format":false,"excerpt":"Alle Informationen zu unseren \u00d6ffnungszeiten finden Sie im Veranstaltungskalender \u00a0 Fisch in seiner besten Form Heimische S\u00fc\u00dfwasserfische gelten als besonders schmackhaft und sind zudem eine gesunde Sache! Genie\u00dfen Sie Fische von heimischen Fischz\u00fcchtern, denen Ihre Fische und unsere Umwelt besonders am Herzen liegen. Leidenschaftliche Fischliebhaber und Fischkenner sind hier richtig!\u2026","rel":"","context":"\u00c4hnlicher Beitrag","img":{"alt_text":"","src":"","width":0,"height":0},"classes":[]},{"id":2362,"url":"https:\/\/www.fisch-fest.net\/wordpress\/veranstaltung\/wochenmarkt-marchtrenk\/","url_meta":{"origin":22,"position":1},"title":"Wochenmarkt Marchtrenk","date":"12. April 2017","format":false,"excerpt":"Der Wochenmarkt in Marchtrenk am Samstag von 8:15 bis 11:30 Uhr bietet ein frisches und regionales Angebot von Fischprodukten. (14-Tage-Rhythmus) Nat\u00fcrlich finden Sie bei diesem beliebten Markt noch viele weitere Angebote vom Speck bis zum Brot uvm. Ein Besuch wird Sie vom Angebot \u00fcberzeugen. Ich freue mich in einem 14-Tage-Rhythmus\u2026","rel":"","context":"\u00c4hnlicher Beitrag","img":{"alt_text":"","src":"","width":0,"height":0},"classes":[]},{"id":758,"url":"https:\/\/www.fisch-fest.net\/wordpress\/fischer\/","url_meta":{"origin":22,"position":2},"title":"Der Fischer","date":"9. April 2017","format":false,"excerpt":"Fisch in seiner besten\u00a0Art Leidenschaftliche Fischliebhaber und Fischkenner sind hier richtig! Sie werden von der Qualit\u00e4t begeistert sein! Probieren Sie die Spezialit\u00e4ten, Filets und ganzen Fische von Andreas Pinter. Egal ob ger\u00e4uchert oder f\u00fcr die Bratpfanne, diese Qualit\u00e4t wird Sie \u00fcberzeugen! Bei Fisch&Fest z\u00e4hlt Handarbeit! Die Fische werden noch von\u2026","rel":"","context":"\u00c4hnlicher Beitrag","img":{"alt_text":"Frischfisch gebraten","src":"https:\/\/i0.wp.com\/www.fisch-fest.net\/wordpress\/wp-content\/uploads\/2017\/04\/9838788236.jpg?resize=350%2C200","width":350,"height":200},"classes":[]},{"id":1142,"url":"https:\/\/www.fisch-fest.net\/wordpress\/produkte\/frischfisch\/","url_meta":{"origin":22,"position":3},"title":"Frischfisch","date":"9. April 2017","format":false,"excerpt":"Fisch in seiner besten\u00a0Art Leidenschaftliche Fischliebhaber und Fischkenner sind hier richtig! Sie werden von der Qualit\u00e4t begeistert sein! Probieren Sie die Spezialit\u00e4ten, Filets und ganzen Fische von Andreas Pinter. Egal ob ger\u00e4uchert oder f\u00fcr die Bratpfanne, diese Qualit\u00e4t wird Sie \u00fcberzeugen! Bei Fisch&Fest z\u00e4hlt Handarbeit! Die Fische werden noch von\u2026","rel":"","context":"\u00c4hnlicher Beitrag","img":{"alt_text":"Frischfisch gebraten","src":"https:\/\/i0.wp.com\/www.fisch-fest.net\/wordpress\/wp-content\/uploads\/2017\/04\/9838788236.jpg?resize=350%2C200","width":350,"height":200},"classes":[]},{"id":1265,"url":"https:\/\/www.fisch-fest.net\/wordpress\/produkte\/raeucherfisch\/","url_meta":{"origin":22,"position":4},"title":"R\u00e4ucherfisch","date":"9. April 2017","format":false,"excerpt":"Fisch in seiner besten\u00a0Art Leidenschaftliche Fischliebhaber und Fischkenner sind hier richtig! Sie werden von der Qualit\u00e4t begeistert sein! Probieren Sie die Spezialit\u00e4ten, Filets und ganzen Fische von Andreas Pinter. Egal ob ger\u00e4uchert oder f\u00fcr die Bratpfanne, diese Qualit\u00e4t wird Sie \u00fcberzeugen! Bei Fisch&Fest z\u00e4hlt Handarbeit! Die Fische werden noch von\u2026","rel":"","context":"\u00c4hnlicher Beitrag","img":{"alt_text":"Frischfisch gebraten","src":"https:\/\/i0.wp.com\/www.fisch-fest.net\/wordpress\/wp-content\/uploads\/2017\/04\/9838788236.jpg?resize=350%2C200","width":350,"height":200},"classes":[]},{"id":1501,"url":"https:\/\/www.fisch-fest.net\/wordpress\/produkte\/spezialitaeten\/","url_meta":{"origin":22,"position":5},"title":"Spezialit\u00e4ten","date":"9. April 2017","format":false,"excerpt":"Mousse vom R\u00e4ucherfisch Das fluffig elegante R\u00e4ucherfischmousse sollte auf keiner eleganten Fischplatte fehlen. Der einzigartig hervorragende Geschmack wird in Ihnen das Verlangen nach mehr hervorrufen. Tauchen Sie ein in die berauschende Welt des Fischgenusses. R\u00e4ucherfischtatare Die besondere Art des Fischgenusses. Das R\u00e4ucherfischtartare wird Ihnen eine andere Welt des Fischgenusses pr\u00e4sentieren.\u2026","rel":"","context":"\u00c4hnlicher Beitrag","img":{"alt_text":"Mousse vom R\u00c3\u00a4ucherfisch","src":"https:\/\/i0.wp.com\/www.fisch-fest.net\/wordpress\/wp-content\/uploads\/2017\/04\/5860287713-4-1-1.jpg?resize=350%2C200","width":350,"height":200},"classes":[]}],"_links":{"self":[{"href":"https:\/\/www.fisch-fest.net\/wordpress\/wp-json\/wp\/v2\/pages\/22","targetHints":{"allow":["GET"]}}],"collection":[{"href":"https:\/\/www.fisch-fest.net\/wordpress\/wp-json\/wp\/v2\/pages"}],"about":[{"href":"https:\/\/www.fisch-fest.net\/wordpress\/wp-json\/wp\/v2\/types\/page"}],"author":[{"embeddable":true,"href":"https:\/\/www.fisch-fest.net\/wordpress\/wp-json\/wp\/v2\/users\/1"}],"replies":[{"embeddable":true,"href":"https:\/\/www.fisch-fest.net\/wordpress\/wp-json\/wp\/v2\/comments?post=22"}],"version-history":[{"count":9,"href":"https:\/\/www.fisch-fest.net\/wordpress\/wp-json\/wp\/v2\/pages\/22\/revisions"}],"predecessor-version":[{"id":520,"href":"https:\/\/www.fisch-fest.net\/wordpress\/wp-json\/wp\/v2\/pages\/22\/revisions\/520"}],"wp:attachment":[{"href":"https:\/\/www.fisch-fest.net\/wordpress\/wp-json\/wp\/v2\/media?parent=22"}],"curies":[{"name":"wp","href":"https:\/\/api.w.org\/{rel}","templated":true}]}}