{"id":1863,"date":"2017-04-09T16:07:05","date_gmt":"2017-04-09T16:07:05","guid":{"rendered":"http:\/\/www.fisch-fest.net\/wordpress\/?page_id=1863"},"modified":"2022-09-03T14:20:46","modified_gmt":"2022-09-03T12:20:46","slug":"impressum","status":"publish","type":"page","link":"https:\/\/www.fisch-fest.net\/wordpress\/impressum\/","title":{"rendered":"Impressum"},"content":{"rendered":"<div id=\"pl-1863\"  class=\"panel-layout\" ><div id=\"pg-1863-0\"  class=\"panel-grid panel-no-style\" ><div id=\"pgc-1863-0-0\"  class=\"panel-grid-cell\" ><div id=\"panel-1863-0-0-0\" class=\"so-panel widget widget_sow-editor panel-first-child panel-last-child\" data-index=\"0\" ><div\n\t\t\t\n\t\t\tclass=\"so-widget-sow-editor so-widget-sow-editor-base\"\n\t\t\t\n\t\t>\n<div class=\"siteorigin-widget-tinymce textwidget\">\n\t<p>Andreas Pinter<br \/>\nHirschenau 27<br \/>\n4381 St. Nikola<\/p>\n<p>Tel.: 0650 52 66 000<br \/>\nE-Mail: <a href=\"&#109;a&#x69;l&#x74;o&#x3a;a&#x6e;d&#x72;e&#x61;s&#x2e;p&#x69;n&#x74;&#101;&#x72;&#64;&#x66;&#105;&#x73;&#99;h&#x2d;f&#x65;s&#x74;.&#x61;t\">&#x61;&#110;d&#x72;&#101;a&#x73;&#x2e;p&#x69;&#x6e;&#116;e&#x72;&#64;f&#x69;&#x73;c&#x68;&#x2d;&#102;e&#x73;&#116;.&#x61;&#x74;<\/a><\/p>\n<p>Unternehmensgegenstand: Handel mit Fischspezialit\u00e4ten und Catering<br \/>\nFirmensitz: St. Nikola \/ Donau<br \/>\nBeh\u00f6rde gem. ECG: Bezirkshauptmannschaft Perg<br \/>\nRechtsform: Einzelfirma<\/p>\n<p>Datenschutzerkl\u00e4rung: <a href=\"https:\/\/www.fisch-fest.net\/wordpress\/datenschutzerklaerung\/\">https:\/\/www.fisch-fest.net\/wordpress\/datenschutzerklaerung\/<\/a><\/p>\n<\/div>\n<\/div><\/div><\/div><\/div><\/div>","protected":false},"excerpt":{"rendered":"<p>Andreas Pinter Hirschenau 27 4381 St. Nikola Tel.: 0650 52 66 000 E-Mail: an&#100;&#x72;&#x65;&#x61;&#x73;.p&#105;&#110;&#x74;&#x65;&#x72;&#64;fi&#115;&#x63;&#x68;&#x2d;fes&#116;&#x2e;&#x61;&#x74; Unternehmensgegenstand: Handel mit Fischspezialit\u00e4ten und Catering Firmensitz: St. Nikola \/ Donau Beh\u00f6rde gem. ECG: Bezirkshauptmannschaft Perg Rechtsform: Einzelfirma Datenschutzerkl\u00e4rung: https:\/\/www.fisch-fest.net\/wordpress\/datenschutzerklaerung\/<\/p>\n","protected":false},"author":1,"featured_media":0,"parent":0,"menu_order":0,"comment_status":"closed","ping_status":"closed","template":"","meta":{"jetpack_post_was_ever_published":false,"footnotes":""},"class_list":["post-1863","page","type-page","status-publish","hentry"],"jetpack_sharing_enabled":true,"jetpack_shortlink":"https:\/\/wp.me\/P8BrCw-u3","jetpack-related-posts":[{"id":403,"url":"https:\/\/www.fisch-fest.net\/wordpress\/news\/anfahrtsplan-biokompakt-heiztechnik-gmbh-4381-st-nikola-sattl-11\/","url_meta":{"origin":1863,"position":0},"title":"Anfahrtsplan (Biokompakt Heiztechnik GmbH \/ 4381 St. Nikola, Sattl 11)","date":"18. April 2013","format":false,"excerpt":"Wir freuen uns Sie begr\u00fc\u00dfen zu d\u00fcrfen! Gr\u00f6\u00dfere Kartenansicht\u00a0\u00a0\u00a0\u00a0\u00a0\u00a0\u00a0\u00a0\u00a0\u00a0\u00a0\u00a0\u00a0\u00a0\u00a0\u00a0\u00a0\u00a0\u00a0\u00a0\u00a0\u00a0\u00a0\u00a0\u00a0\u00a0\u00a0\u00a0\u00a0\u00a0\u00a0\u00a0\u00a0\u00a0\u00a0\u00a0\u00a0\u00a0\u00a0\u00a0\u00a0\u00a0\u00a0\u00a0\u00a0\u00a0\u00a0\u00a0\u00a0\u00a0\u00a0\u00a0\u00a0\u00a0zur\u00fcck","rel":"","context":"\u00c4hnlicher Beitrag","img":{"alt_text":"","src":"","width":0,"height":0},"classes":[]},{"id":369,"url":"https:\/\/www.fisch-fest.net\/wordpress\/news\/steckerlfische-beim-tag-der-offenen-tur-bei-firma-biokompakt-heiztechnik-gmbh\/","url_meta":{"origin":1863,"position":1},"title":"Steckerlfische beim Tag der offenen T\u00fcr bei Firma Biokompakt Heiztechnik","date":"17. April 2013","format":false,"excerpt":"Die Firma Biokompakt Heiztechnik GmbH und Andreas Pinter verk\u00fcndete erfreut, dass am 3. und 4. Mai 2013 die Nahversorgertage (Tag der offenen T\u00fcr) in 4381 St. Nikola, Sattl 11 stattfinden. Bei dieser Gelegenheit luden wir alle Freunde der Biomasse herzlich ein die Produktionshallen und den Kesselpr\u00fcfstand der Firma Biokompakt Heiztechnik\u2026","rel":"","context":"\u00c4hnlicher Beitrag","img":{"alt_text":"","src":"","width":0,"height":0},"classes":[]},{"id":6,"url":"https:\/\/www.fisch-fest.net\/wordpress\/fisch_und_fest_kontaktformular\/","url_meta":{"origin":1863,"position":2},"title":"Kontaktformular","date":"22. Oktober 2011","format":false,"excerpt":"Hier haben Sie die M\u00f6glichkeit mit uns in Verbindung zu treten. Senden Sie uns eine Mail, wir freuen uns \u00fcber jeden Kontakt und werden Ihre Fragen und Anliegen so schnell als m\u00f6glich beantworten. Unsere Postanschrift lautet: Andreas Pinter Hirschenau 27 4382 St. Nikola an der Donau Telefonnummer: 0650 52 66\u2026","rel":"","context":"\u00c4hnlicher Beitrag","img":{"alt_text":"","src":"","width":0,"height":0},"classes":[]}],"_links":{"self":[{"href":"https:\/\/www.fisch-fest.net\/wordpress\/wp-json\/wp\/v2\/pages\/1863","targetHints":{"allow":["GET"]}}],"collection":[{"href":"https:\/\/www.fisch-fest.net\/wordpress\/wp-json\/wp\/v2\/pages"}],"about":[{"href":"https:\/\/www.fisch-fest.net\/wordpress\/wp-json\/wp\/v2\/types\/page"}],"author":[{"embeddable":true,"href":"https:\/\/www.fisch-fest.net\/wordpress\/wp-json\/wp\/v2\/users\/1"}],"replies":[{"embeddable":true,"href":"https:\/\/www.fisch-fest.net\/wordpress\/wp-json\/wp\/v2\/comments?post=1863"}],"version-history":[{"count":3,"href":"https:\/\/www.fisch-fest.net\/wordpress\/wp-json\/wp\/v2\/pages\/1863\/revisions"}],"predecessor-version":[{"id":2882,"href":"https:\/\/www.fisch-fest.net\/wordpress\/wp-json\/wp\/v2\/pages\/1863\/revisions\/2882"}],"wp:attachment":[{"href":"https:\/\/www.fisch-fest.net\/wordpress\/wp-json\/wp\/v2\/media?parent=1863"}],"curies":[{"name":"wp","href":"https:\/\/api.w.org\/{rel}","templated":true}]}}