{"id":1022,"date":"2017-04-09T14:25:34","date_gmt":"2017-04-09T14:25:34","guid":{"rendered":"http:\/\/www.fisch-fest.net\/wordpress\/?page_id=1022"},"modified":"2017-04-09T16:17:20","modified_gmt":"2017-04-09T16:17:20","slug":"produkte","status":"publish","type":"page","link":"https:\/\/www.fisch-fest.net\/wordpress\/produkte\/","title":{"rendered":"Produkte"},"content":{"rendered":"<div id=\"pl-1022\"  class=\"panel-layout\" ><div id=\"pg-1022-0\"  class=\"panel-grid panel-no-style\" ><div id=\"pgc-1022-0-0\"  class=\"panel-grid-cell\" ><div id=\"panel-1022-0-0-0\" class=\"so-panel widget widget_sow-editor panel-first-child panel-last-child\" data-index=\"0\" ><div class=\"Produkte_Verlinkung panel-widget-style panel-widget-style-for-1022-0-0-0\" ><div\n\t\t\t\n\t\t\tclass=\"so-widget-sow-editor so-widget-sow-editor-base\"\n\t\t\t\n\t\t>\n<div class=\"siteorigin-widget-tinymce textwidget\">\n\t<h2><a class=\"Produkte_Verlinkung\" href=\"http:\/\/www.fisch-fest.net\/wordpress\/produkte\/frischfisch\/\" target=\"_blank\">Frischfisch<\/a><\/h2>\n<\/div>\n<\/div><\/div><\/div><\/div><div id=\"pgc-1022-0-1\"  class=\"panel-grid-cell\" ><div id=\"panel-1022-0-1-0\" class=\"so-panel widget widget_sow-image panel-first-child panel-last-child\" data-index=\"1\" ><div\n\t\t\t\n\t\t\tclass=\"so-widget-sow-image so-widget-sow-image-default-d6014b76747a-1022\"\n\t\t\t\n\t\t>\n\n<div class=\"sow-image-container\">\n\t\t\t<a href=\"https:\/\/www.fisch-fest.net\/wordpress\/produkte\/frischfisch\/\"\n\t\t\t\t\t>\n\t\t\t<img decoding=\"async\" src=\"https:\/\/i0.wp.com\/www.fisch-fest.net\/wordpress\/wp-content\/uploads\/2017\/04\/Regenbogenforelle_frisch_fisch.jpg?fit=234%2C90&amp;ssl=1\" width=\"234\" height=\"90\" title=\"Regenbogenforelle\" alt=\"Regenbogenforelle\" loading=\"lazy\" \t\tclass=\"so-widget-image\"\/>\n\t<\/a><\/div>\n\n<\/div><\/div><\/div><\/div><div id=\"pg-1022-1\"  class=\"panel-grid panel-no-style\" ><div id=\"pgc-1022-1-0\"  class=\"panel-grid-cell\" ><div id=\"panel-1022-1-0-0\" class=\"so-panel widget widget_sow-editor panel-first-child panel-last-child\" data-index=\"2\" ><div\n\t\t\t\n\t\t\tclass=\"so-widget-sow-editor so-widget-sow-editor-base\"\n\t\t\t\n\t\t>\n<div class=\"siteorigin-widget-tinymce textwidget\">\n\t<h2><a href=\"http:\/\/www.fisch-fest.net\/wordpress\/produkte\/raeucherfisch\/\" target=\"_blank\">R\u00e4ucherfisch<\/a><\/h2>\n<\/div>\n<\/div><\/div><\/div><div id=\"pgc-1022-1-1\"  class=\"panel-grid-cell\" ><div id=\"panel-1022-1-1-0\" class=\"so-panel widget widget_sow-image panel-first-child panel-last-child\" data-index=\"3\" ><div\n\t\t\t\n\t\t\tclass=\"so-widget-sow-image so-widget-sow-image-default-d6014b76747a-1022\"\n\t\t\t\n\t\t>\n\n<div class=\"sow-image-container\">\n\t\t\t<a href=\"https:\/\/www.fisch-fest.net\/wordpress\/produkte\/raeucherfisch\/\"\n\t\t\t\t\t>\n\t\t\t<img decoding=\"async\" src=\"https:\/\/i0.wp.com\/www.fisch-fest.net\/wordpress\/wp-content\/uploads\/2017\/04\/0420867127-3.jpg?fit=675%2C506&amp;ssl=1\" width=\"675\" height=\"506\" srcset=\"https:\/\/i0.wp.com\/www.fisch-fest.net\/wordpress\/wp-content\/uploads\/2017\/04\/0420867127-3.jpg?w=675&amp;ssl=1 675w, https:\/\/i0.wp.com\/www.fisch-fest.net\/wordpress\/wp-content\/uploads\/2017\/04\/0420867127-3.jpg?resize=300%2C225&amp;ssl=1 300w, https:\/\/i0.wp.com\/www.fisch-fest.net\/wordpress\/wp-content\/uploads\/2017\/04\/0420867127-3.jpg?resize=144%2C108&amp;ssl=1 144w\" title=\"R\u00e4ucherfisch\" alt=\"R\u00e4ucherfisch\" loading=\"lazy\" \t\tclass=\"so-widget-image\"\/>\n\t<\/a><\/div>\n\n<\/div><\/div><\/div><\/div><div id=\"pg-1022-2\"  class=\"panel-grid panel-no-style\" ><div id=\"pgc-1022-2-0\"  class=\"panel-grid-cell\" ><div id=\"panel-1022-2-0-0\" class=\"so-panel widget widget_sow-editor panel-first-child panel-last-child\" data-index=\"4\" ><div\n\t\t\t\n\t\t\tclass=\"so-widget-sow-editor so-widget-sow-editor-base\"\n\t\t\t\n\t\t>\n<div class=\"siteorigin-widget-tinymce textwidget\">\n\t<h2><a href=\"http:\/\/www.fisch-fest.net\/wordpress\/produkte\/spezialitaeten\/\" target=\"_blank\">Spezialit\u00e4ten<\/a><\/h2>\n<\/div>\n<\/div><\/div><\/div><div id=\"pgc-1022-2-1\"  class=\"panel-grid-cell\" ><div id=\"panel-1022-2-1-0\" class=\"so-panel widget widget_sow-image panel-first-child panel-last-child\" data-index=\"5\" ><div\n\t\t\t\n\t\t\tclass=\"so-widget-sow-image so-widget-sow-image-default-d6014b76747a-1022\"\n\t\t\t\n\t\t>\n\n<div class=\"sow-image-container\">\n\t\t\t<a href=\"https:\/\/www.fisch-fest.net\/wordpress\/produkte\/spezialitaeten\/\"\n\t\t\t\t\t>\n\t\t\t<img decoding=\"async\" src=\"https:\/\/i0.wp.com\/www.fisch-fest.net\/wordpress\/wp-content\/uploads\/2017\/04\/8599571624-5-1.jpg?fit=292%2C377&amp;ssl=1\" width=\"292\" height=\"377\" srcset=\"https:\/\/i0.wp.com\/www.fisch-fest.net\/wordpress\/wp-content\/uploads\/2017\/04\/8599571624-5-1.jpg?w=292&amp;ssl=1 292w, https:\/\/i0.wp.com\/www.fisch-fest.net\/wordpress\/wp-content\/uploads\/2017\/04\/8599571624-5-1.jpg?resize=232%2C300&amp;ssl=1 232w, https:\/\/i0.wp.com\/www.fisch-fest.net\/wordpress\/wp-content\/uploads\/2017\/04\/8599571624-5-1.jpg?resize=84%2C108&amp;ssl=1 84w\" title=\"Spezialit\u00e4ten\" alt=\"Spezialit\u00e4ten\" loading=\"lazy\" \t\tclass=\"so-widget-image\"\/>\n\t<\/a><\/div>\n\n<\/div><\/div><\/div><\/div><div id=\"pg-1022-3\"  class=\"panel-grid panel-no-style\" ><div id=\"pgc-1022-3-0\"  class=\"panel-grid-cell\" ><div id=\"panel-1022-3-0-0\" class=\"so-panel widget widget_sow-editor panel-first-child panel-last-child\" data-index=\"6\" ><div\n\t\t\t\n\t\t\tclass=\"so-widget-sow-editor so-widget-sow-editor-base\"\n\t\t\t\n\t\t>\n<div class=\"siteorigin-widget-tinymce textwidget\">\n\t<h2><a href=\"http:\/\/www.fisch-fest.net\/wordpress\/produkte\/steckerlfisch\/\" target=\"_blank\">Steckerlfisch<\/a><\/h2>\n<\/div>\n<\/div><\/div><\/div><div id=\"pgc-1022-3-1\"  class=\"panel-grid-cell\" ><div id=\"panel-1022-3-1-0\" class=\"so-panel widget widget_sow-image panel-first-child panel-last-child\" data-index=\"7\" ><div\n\t\t\t\n\t\t\tclass=\"so-widget-sow-image so-widget-sow-image-default-d6014b76747a-1022\"\n\t\t\t\n\t\t>\n\n<div class=\"sow-image-container\">\n\t\t\t<a href=\"https:\/\/www.fisch-fest.net\/wordpress\/produkte\/steckerlfisch\/\"\n\t\t\t\t\t>\n\t\t\t<img decoding=\"async\" src=\"https:\/\/i0.wp.com\/www.fisch-fest.net\/wordpress\/wp-content\/uploads\/2017\/04\/9668228560-4-1-1-1.jpg?fit=675%2C439&amp;ssl=1\" width=\"675\" height=\"439\" srcset=\"https:\/\/i0.wp.com\/www.fisch-fest.net\/wordpress\/wp-content\/uploads\/2017\/04\/9668228560-4-1-1-1.jpg?w=675&amp;ssl=1 675w, https:\/\/i0.wp.com\/www.fisch-fest.net\/wordpress\/wp-content\/uploads\/2017\/04\/9668228560-4-1-1-1.jpg?resize=300%2C195&amp;ssl=1 300w, https:\/\/i0.wp.com\/www.fisch-fest.net\/wordpress\/wp-content\/uploads\/2017\/04\/9668228560-4-1-1-1.jpg?resize=166%2C108&amp;ssl=1 166w\" title=\"Steckerlfisch\" alt=\"Steckerlfisch\" loading=\"lazy\" \t\tclass=\"so-widget-image\"\/>\n\t<\/a><\/div>\n\n<\/div><\/div><\/div><\/div><\/div>","protected":false},"excerpt":{"rendered":"<p>Frischfisch R\u00e4ucherfisch<\/p>\n","protected":false},"author":1,"featured_media":0,"parent":0,"menu_order":0,"comment_status":"closed","ping_status":"closed","template":"","meta":{"jetpack_post_was_ever_published":false,"footnotes":""},"class_list":["post-1022","page","type-page","status-publish","hentry"],"jetpack_sharing_enabled":true,"jetpack_shortlink":"https:\/\/wp.me\/P8BrCw-gu","jetpack-related-posts":[{"id":2236,"url":"https:\/\/www.fisch-fest.net\/wordpress\/veranstaltung\/wochenmarkt-amstetten\/","url_meta":{"origin":1022,"position":0},"title":"Wochenmarkt Amstetten","date":"12. April 2017","format":false,"excerpt":"Der Wochenmarkt in Amstetten bietet jeden Donnerstag von 7:30 bis 11:45 Uhr ein frisches und regionales Angebot von Fischprodukten. Der Markt findet in der Fu\u00dfg\u00e4ngerzone am Hauptplatz in Amstetten statt. Nat\u00fcrlich finden Sie bei diesem beliebten Markt noch viele weitere Angebote vom Speck bis zum Brot uvm. Ein Besuch wird\u2026","rel":"","context":"\u00c4hnlicher Beitrag","img":{"alt_text":"","src":"","width":0,"height":0},"classes":[]},{"id":2362,"url":"https:\/\/www.fisch-fest.net\/wordpress\/veranstaltung\/wochenmarkt-marchtrenk\/","url_meta":{"origin":1022,"position":1},"title":"Wochenmarkt Marchtrenk","date":"12. April 2017","format":false,"excerpt":"Der Wochenmarkt in Marchtrenk am Samstag von 8:15 bis 11:30 Uhr bietet ein frisches und regionales Angebot von Fischprodukten. (14-Tage-Rhythmus) Nat\u00fcrlich finden Sie bei diesem beliebten Markt noch viele weitere Angebote vom Speck bis zum Brot uvm. Ein Besuch wird Sie vom Angebot \u00fcberzeugen. Ich freue mich in einem 14-Tage-Rhythmus\u2026","rel":"","context":"\u00c4hnlicher Beitrag","img":{"alt_text":"","src":"","width":0,"height":0},"classes":[]},{"id":2479,"url":"https:\/\/www.fisch-fest.net\/wordpress\/veranstaltung\/wochenmarkt-purkersdorf\/","url_meta":{"origin":1022,"position":2},"title":"Wochenmarkt Purkersdorf","date":"12. April 2017","format":false,"excerpt":"Der Wochenmarkt in Purkersdorf bietet jeden Freitag von 8:30 bis 16:30 Uhr ein frisches und regionales Angebot von Fischprodukten. Der Markt findet am Hauptplatz in Purkersdorf\u00a0statt. Nat\u00fcrlich finden Sie bei diesem beliebten Markt noch viele weitere Angebote vom Speck bis zum Brot uvm. Ein Besuch wird Sie vom Angebot \u00fcberzeugen.\u2026","rel":"","context":"\u00c4hnlicher Beitrag","img":{"alt_text":"","src":"","width":0,"height":0},"classes":[]},{"id":1265,"url":"https:\/\/www.fisch-fest.net\/wordpress\/produkte\/raeucherfisch\/","url_meta":{"origin":1022,"position":3},"title":"R\u00e4ucherfisch","date":"9. April 2017","format":false,"excerpt":"Fisch in seiner besten\u00a0Art Leidenschaftliche Fischliebhaber und Fischkenner sind hier richtig! Sie werden von der Qualit\u00e4t begeistert sein! Probieren Sie die Spezialit\u00e4ten, Filets und ganzen Fische von Andreas Pinter. Egal ob ger\u00e4uchert oder f\u00fcr die Bratpfanne, diese Qualit\u00e4t wird Sie \u00fcberzeugen! Bei Fisch&Fest z\u00e4hlt Handarbeit! Die Fische werden noch von\u2026","rel":"","context":"\u00c4hnlicher Beitrag","img":{"alt_text":"Frischfisch gebraten","src":"https:\/\/i0.wp.com\/www.fisch-fest.net\/wordpress\/wp-content\/uploads\/2017\/04\/9838788236.jpg?resize=350%2C200","width":350,"height":200},"classes":[]},{"id":1142,"url":"https:\/\/www.fisch-fest.net\/wordpress\/produkte\/frischfisch\/","url_meta":{"origin":1022,"position":4},"title":"Frischfisch","date":"9. April 2017","format":false,"excerpt":"Fisch in seiner besten\u00a0Art Leidenschaftliche Fischliebhaber und Fischkenner sind hier richtig! Sie werden von der Qualit\u00e4t begeistert sein! Probieren Sie die Spezialit\u00e4ten, Filets und ganzen Fische von Andreas Pinter. Egal ob ger\u00e4uchert oder f\u00fcr die Bratpfanne, diese Qualit\u00e4t wird Sie \u00fcberzeugen! Bei Fisch&Fest z\u00e4hlt Handarbeit! Die Fische werden noch von\u2026","rel":"","context":"\u00c4hnlicher Beitrag","img":{"alt_text":"Frischfisch gebraten","src":"https:\/\/i0.wp.com\/www.fisch-fest.net\/wordpress\/wp-content\/uploads\/2017\/04\/9838788236.jpg?resize=350%2C200","width":350,"height":200},"classes":[]},{"id":1501,"url":"https:\/\/www.fisch-fest.net\/wordpress\/produkte\/spezialitaeten\/","url_meta":{"origin":1022,"position":5},"title":"Spezialit\u00e4ten","date":"9. April 2017","format":false,"excerpt":"Mousse vom R\u00e4ucherfisch Das fluffig elegante R\u00e4ucherfischmousse sollte auf keiner eleganten Fischplatte fehlen. Der einzigartig hervorragende Geschmack wird in Ihnen das Verlangen nach mehr hervorrufen. Tauchen Sie ein in die berauschende Welt des Fischgenusses. R\u00e4ucherfischtatare Die besondere Art des Fischgenusses. Das R\u00e4ucherfischtartare wird Ihnen eine andere Welt des Fischgenusses pr\u00e4sentieren.\u2026","rel":"","context":"\u00c4hnlicher Beitrag","img":{"alt_text":"Mousse vom R\u00c3\u00a4ucherfisch","src":"https:\/\/i0.wp.com\/www.fisch-fest.net\/wordpress\/wp-content\/uploads\/2017\/04\/5860287713-4-1-1.jpg?resize=350%2C200","width":350,"height":200},"classes":[]}],"_links":{"self":[{"href":"https:\/\/www.fisch-fest.net\/wordpress\/wp-json\/wp\/v2\/pages\/1022","targetHints":{"allow":["GET"]}}],"collection":[{"href":"https:\/\/www.fisch-fest.net\/wordpress\/wp-json\/wp\/v2\/pages"}],"about":[{"href":"https:\/\/www.fisch-fest.net\/wordpress\/wp-json\/wp\/v2\/types\/page"}],"author":[{"embeddable":true,"href":"https:\/\/www.fisch-fest.net\/wordpress\/wp-json\/wp\/v2\/users\/1"}],"replies":[{"embeddable":true,"href":"https:\/\/www.fisch-fest.net\/wordpress\/wp-json\/wp\/v2\/comments?post=1022"}],"version-history":[{"count":9,"href":"https:\/\/www.fisch-fest.net\/wordpress\/wp-json\/wp\/v2\/pages\/1022\/revisions"}],"predecessor-version":[{"id":1984,"href":"https:\/\/www.fisch-fest.net\/wordpress\/wp-json\/wp\/v2\/pages\/1022\/revisions\/1984"}],"wp:attachment":[{"href":"https:\/\/www.fisch-fest.net\/wordpress\/wp-json\/wp\/v2\/media?parent=1022"}],"curies":[{"name":"wp","href":"https:\/\/api.w.org\/{rel}","templated":true}]}}